{"id":78,"date":"2022-10-17T07:03:13","date_gmt":"2022-10-17T05:03:13","guid":{"rendered":"https:\/\/netzero.hr\/home\/"},"modified":"2025-06-04T21:50:36","modified_gmt":"2025-06-04T19:50:36","slug":"naslovna","status":"publish","type":"page","link":"https:\/\/netzero.hr\/en\/","title":{"rendered":"Home"},"content":{"rendered":"<div class=\"wp-block-uagb-container uagb-block-597c3f26 alignwide uagb-is-root-container\">\n<div class=\"wp-block-uagb-advanced-heading uagb-block-6b304a15 uag-hide-desktop uag-hide-tab\"><h1 class=\"uagb-heading-text translation-block\">To NET ZERO <br>together!<\/h1><p class=\"uagb-desc-text translation-block\">Your partner in calculating and <br>reducing carbon footprint<\/p><\/div>\n\n\n\n<p><\/p>\n\n\n\n<p> <\/p>\n\n\n\n<div class=\"wp-block-uagb-advanced-heading uagb-block-20913446 uag-hide-mob\"><h1 class=\"uagb-heading-text translation-block\">To NET ZERO <br>together!<\/h1><p class=\"uagb-desc-text translation-block\">Your partner in calculating and <br>reducing carbon footprint<\/p><\/div>\n\n\n\n<div class=\"wp-block-columns is-layout-flex wp-container-core-columns-is-layout-28f84493 wp-block-columns-is-layout-flex\">\n<div class=\"wp-block-column is-layout-flow wp-block-column-is-layout-flow\">\n<div class=\"wp-block-buttons is-content-justification-center is-layout-flex wp-container-core-buttons-is-layout-a89b3969 wp-block-buttons-is-layout-flex\">\n<div class=\"wp-block-button uag-hide-desktop uag-hide-tab\"><a class=\"wp-block-button__link wp-element-button\" href=\"https:\/\/netzero.hr\/en\/kontakt\/\" style=\"border-radius:5px\">LET'S GO<\/a><\/div>\n<\/div>\n<\/div>\n<\/div>\n\n\n\n<p><\/p>\n\n\n\n<p><\/p>\n\n\n\n<div class=\"wp-block-buttons uag-hide-tab uag-hide-mob is-content-justification-left is-nowrap is-layout-flex wp-container-core-buttons-is-layout-92e17da2 wp-block-buttons-is-layout-flex\">\n<div class=\"wp-block-button\"><a class=\"wp-block-button__link wp-element-button\">LET'S GO<\/a><\/div>\n<\/div>\n<\/div>\n\n\n\n<p class=\"margin: 0 auto; uag-hide-mob\" style=\"margin-right:var(--wp--preset--spacing--80);margin-bottom:0;margin-left:var(--wp--preset--spacing--80);padding-top:var(--wp--preset--spacing--50);padding-right:13em;padding-bottom:var(--wp--preset--spacing--20);padding-left:13em\">The reduction of organisations' carbon footprint is part of the solution to a climate change problem, in which the long-term goal is climate neutrality, achieving net zero.<\/p>\n\n\n\n<p style=\"margin-right:var(--wp--preset--spacing--40);margin-bottom:0;margin-left:var(--wp--preset--spacing--20);padding-top:var(--wp--preset--spacing--60);padding-right:var(--wp--preset--spacing--50);padding-bottom:var(--wp--preset--spacing--20);padding-left:var(--wp--preset--spacing--50)\" class=\"uag-hide-desktop uag-hide-tab\">The reduction of organisations' carbon footprint is part of the solution to a climate change problem, in which the long-term goal is climate neutrality, achieving net zero.<\/p>\n\n\n\n<div class=\"wp-block-columns is-layout-flex wp-container-core-columns-is-layout-e5fb8756 wp-block-columns-is-layout-flex\" style=\"margin-top:var(--wp--preset--spacing--40);margin-bottom:var(--wp--preset--spacing--50);padding-top:var(--wp--preset--spacing--20);padding-bottom:0\">\n<div class=\"wp-block-column is-layout-flow wp-container-core-column-is-layout-929da708 wp-block-column-is-layout-flow\" style=\"padding-right:0;flex-basis:48%\">\n<figure class=\"wp-block-image aligncenter size-full is-resized\"><img loading=\"lazy\" decoding=\"async\" width=\"1828\" height=\"2560\" src=\"https:\/\/netzero.hr\/wp-content\/uploads\/2023\/11\/Carbon-footprint-scaled.jpg\" alt=\"\" class=\"wp-image-1117\" style=\"object-fit:cover;width:400px;height:auto\" srcset=\"https:\/\/netzero.hr\/wp-content\/uploads\/2023\/11\/Carbon-footprint-scaled.jpg 1828w, https:\/\/netzero.hr\/wp-content\/uploads\/2023\/11\/Carbon-footprint-214x300.jpg 214w, https:\/\/netzero.hr\/wp-content\/uploads\/2023\/11\/Carbon-footprint-731x1024.jpg 731w, https:\/\/netzero.hr\/wp-content\/uploads\/2023\/11\/Carbon-footprint-768x1075.jpg 768w, https:\/\/netzero.hr\/wp-content\/uploads\/2023\/11\/Carbon-footprint-1097x1536.jpg 1097w, https:\/\/netzero.hr\/wp-content\/uploads\/2023\/11\/Carbon-footprint-1463x2048.jpg 1463w, https:\/\/netzero.hr\/wp-content\/uploads\/2023\/11\/Carbon-footprint-9x12.jpg 9w\" sizes=\"auto, (max-width: 1828px) 100vw, 1828px\" \/><\/figure>\n<\/div>\n\n\n\n<div class=\"wp-block-column is-vertically-aligned-center is-layout-flow wp-block-column-is-layout-flow\">\n<div class=\"wp-block-uagb-advanced-heading uagb-block-4c98691d\"><h2 class=\"uagb-heading-text translation-block\">GET READY FOR TOMORROW,<br> CALCULATE YOUR CARBON FOOTPRINT TODAY.<\/h2><\/div>\n\n\n\n<p style=\"padding-right:var(--wp--preset--spacing--20);padding-left:var(--wp--preset--spacing--20);line-height:2\">The effects of climate change are increasingly impacting our planet. It is up to us to tackle this problem and act together.<br><br>We are here to assist you in calculating direct and indirect GHG emissions and removals from all upstream, internal, and downstream flows of energy, materials, and people, associated with your organisation.<br><br>Let's work together to develop a strategy and action plan to reduce your carbon footprint. This will enable the definition and implementation of measures, thereby contributing to climate change  mitigation and facilitating the achievement of climate neutrality.<\/p>\n\n\n\n<div class=\"wp-block-buttons uag-hide-desktop uag-hide-tab is-content-justification-center is-layout-flex wp-container-core-buttons-is-layout-a89b3969 wp-block-buttons-is-layout-flex\">\n<div class=\"wp-block-button uag-hide-desktop uag-hide-tab\"><a class=\"wp-block-button__link wp-element-button\" href=\"https:\/\/netzero.hr\/en\/kontakt\/\" style=\"border-radius:5px\">CONTACT US<\/a><\/div>\n<\/div>\n\n\n\n<div class=\"wp-block-buttons is-content-justification-left is-layout-flex wp-container-core-buttons-is-layout-fc4fd283 wp-block-buttons-is-layout-flex\">\n<div class=\"wp-block-button uag-hide-mob\"><a class=\"wp-block-button__link wp-element-button\" href=\"https:\/\/netzero.hr\/en\/kontakt\/\" style=\"border-radius:5px\">CONTACT US<\/a><\/div>\n<\/div>\n<\/div>\n<\/div>\n\n\n\n<div class=\"wp-block-uagb-advanced-heading uagb-block-8044f0c8\"><h3 class=\"uagb-heading-text\">How do we work?<\/h3><\/div>\n\n\n\n<div class=\"wp-block-uagb-container uagb-block-7b054d8e alignfull uagb-is-root-container\">\n<div class=\"wp-block-uagb-container uagb-block-d5c6c3b5\">\n<div class=\"wp-block-uagb-info-box uagb-block-8d4266d1 uagb-infobox__content-wrap  uagb-infobox-icon-above-title uagb-infobox-image-valign-top\"><div class=\"uagb-ifb-content\"><div class=\"uagb-ifb-icon-wrap\"><svg xmlns=\"https:\/\/www.w3.org\/2000\/svg\" viewbox=\"0 0 512 512\"><path d=\"M416 48C416 39.13 408.9 32 400 32h-64C327.1 32 320 39.13 320 48V96h96.04L416 48zM63.88 160.1C61.34 253.9 3.5 274.3 0 404V448c0 17.6 14.4 32 32 32h128c17.6 0 32-14.4 32-32V128H95.88C78.26 128 64.35 142.5 63.88 160.1zM448.1 160.1C447.6 142.5 433.7 128 416.1 128H320v320c0 17.6 14.4 32 32 32h128c17.6 0 32-14.4 32-32v-44C508.5 274.3 450.7 253.9 448.1 160.1zM224 288h64V128H224V288zM176 32h-64C103.1 32 96 39.13 96 48L95.96 96H192V48C192 39.13 184.9 32 176 32z\"><\/path><\/svg><\/div><div class=\"uagb-ifb-title-wrap\"><h4 class=\"uagb-ifb-title\">First step<\/h4><\/div><p class=\"uagb-ifb-desc\">Assessing the needs of the organisation.<\/p><\/div><\/div>\n<\/div>\n\n\n\n<div class=\"wp-block-uagb-container uagb-block-93d09dff\">\n<div class=\"wp-block-uagb-info-box uagb-block-26a5dabe uagb-infobox__content-wrap  uagb-infobox-icon-above-title uagb-infobox-image-valign-top\"><div class=\"uagb-ifb-content\"><div class=\"uagb-ifb-icon-wrap\"><svg xmlns=\"https:\/\/www.w3.org\/2000\/svg\" viewbox=\"0 0 512 512\"><path d=\"M88 48C101.3 48 112 58.75 112 72V120C112 133.3 101.3 144 88 144H40C26.75 144 16 133.3 16 120V72C16 58.75 26.75 48 40 48H88zM480 64C497.7 64 512 78.33 512 96C512 113.7 497.7 128 480 128H192C174.3 128 160 113.7 160 96C160 78.33 174.3 64 192 64H480zM480 224C497.7 224 512 238.3 512 256C512 273.7 497.7 288 480 288H192C174.3 288 160 273.7 160 256C160 238.3 174.3 224 192 224H480zM480 384C497.7 384 512 398.3 512 416C512 433.7 497.7 448 480 448H192C174.3 448 160 433.7 160 416C160 398.3 174.3 384 192 384H480zM16 232C16 218.7 26.75 208 40 208H88C101.3 208 112 218.7 112 232V280C112 293.3 101.3 304 88 304H40C26.75 304 16 293.3 16 280V232zM88 368C101.3 368 112 378.7 112 392V440C112 453.3 101.3 464 88 464H40C26.75 464 16 453.3 16 440V392C16 378.7 26.75 368 40 368H88z\"><\/path><\/svg><\/div><div class=\"uagb-ifb-title-wrap\"><h4 class=\"uagb-ifb-title\">Second step<\/h4><\/div><p class=\"uagb-ifb-desc\">Preparation of necessary data for calculation.<\/p><\/div><\/div>\n<\/div>\n\n\n\n<div class=\"wp-block-uagb-container uagb-block-d0de5011\">\n<div class=\"wp-block-uagb-info-box uagb-block-d9f7b5eb uagb-infobox__content-wrap  uagb-infobox-icon-above-title uagb-infobox-image-valign-top\"><div class=\"uagb-ifb-content\"><div class=\"uagb-ifb-icon-wrap\"><svg xmlns=\"https:\/\/www.w3.org\/2000\/svg\" viewbox=\"0 0 384 512\"><path d=\"M336 0h-288C22.38 0 0 22.38 0 48v416C0 489.6 22.38 512 48 512h288c25.62 0 48-22.38 48-48v-416C384 22.38 361.6 0 336 0zM64 208C64 199.2 71.2 192 80 192h32C120.8 192 128 199.2 128 208v32C128 248.8 120.8 256 112 256h-32C71.2 256 64 248.8 64 240V208zM64 304C64 295.2 71.2 288 80 288h32C120.8 288 128 295.2 128 304v32C128 344.8 120.8 352 112 352h-32C71.2 352 64 344.8 64 336V304zM224 432c0 8.801-7.199 16-16 16h-128C71.2 448 64 440.8 64 432v-32C64 391.2 71.2 384 80 384h128c8.801 0 16 7.199 16 16V432zM224 336c0 8.801-7.199 16-16 16h-32C167.2 352 160 344.8 160 336v-32C160 295.2 167.2 288 176 288h32C216.8 288 224 295.2 224 304V336zM224 240C224 248.8 216.8 256 208 256h-32C167.2 256 160 248.8 160 240v-32C160 199.2 167.2 192 176 192h32C216.8 192 224 199.2 224 208V240zM320 432c0 8.801-7.199 16-16 16h-32c-8.799 0-16-7.199-16-16v-32c0-8.801 7.201-16 16-16h32c8.801 0 16 7.199 16 16V432zM320 336c0 8.801-7.199 16-16 16h-32c-8.799 0-16-7.199-16-16v-32C256 295.2 263.2 288 272 288h32C312.8 288 320 295.2 320 304V336zM320 240C320 248.8 312.8 256 304 256h-32C263.2 256 256 248.8 256 240v-32C256 199.2 263.2 192 272 192h32C312.8 192 320 199.2 320 208V240zM320 144C320 152.8 312.8 160 304 160h-224C71.2 160 64 152.8 64 144v-64C64 71.2 71.2 64 80 64h224C312.8 64 320 71.2 320 80V144z\"><\/path><\/svg><\/div><div class=\"uagb-ifb-title-wrap\"><h4 class=\"uagb-ifb-title\">Third step<\/h4><\/div><p class=\"uagb-ifb-desc translation-block\">Calculation of carbon footprint, development of strategy and action plan.<\/p><\/div><\/div>\n<\/div>\n<\/div>\n\n\n\n<div class=\"wp-block-uagb-container uagb-block-af490483 alignfull uagb-is-root-container\"><div class=\"uagb-container-inner-blocks-wrap\">\n<div class=\"wp-block-uagb-call-to-action uagb-block-44ec8c13 wp-block-button\"><div class=\"uagb-cta__wrap\"><h2 class=\"uagb-cta__title\">Who are we?<\/h2><p class=\"uagb-cta__desc translation-block\">On the way to net zero, it is desirable to have a reliable and experienced partner. Get to know us better!<\/p><\/div><div class=\"uagb-cta__buttons\"><a href=\"https:\/\/netzero.hr\/en\/onama\/\" class=\"uagb-cta__button-link-wrapper wp-block-button__link\" target=\"_self\" rel=\"noopener noreferrer\">LEARN MORE<\/a><\/div><\/div>\n<\/div><\/div>","protected":false},"excerpt":{"rendered":"<p>Zajedno do NET ZERO! Va\u0161 partner u izra\u010dunu i smanjenju ugljikovog otiska. Zajedno do NET ZERO! Va\u0161 partner u izra\u010dunu i smanjenju ugljikovog otiska. Smanjenje ugljikova otiska poslovnih subjekata je dio rje\u0161enja za problem klimatskih promjena, pri \u010demu dugoro\u010dni cilj treba biti ugljikova neutralnost, odnosno postizanje neto nule. Smanjenje ugljikova otiska poslovnih subjekata je dio &hellip;<\/p>\n<p class=\"read-more\"> <a class=\"\" href=\"https:\/\/netzero.hr\/en\/\"> <span class=\"screen-reader-text\">Home<\/span> Read More &raquo;<\/a><\/p>","protected":false},"author":1,"featured_media":0,"parent":0,"menu_order":0,"comment_status":"closed","ping_status":"closed","template":"","meta":{"_uag_custom_page_level_css":"","site-sidebar-layout":"default","site-content-layout":"page-builder","ast-site-content-layout":"full-width-container","site-content-style":"unboxed","site-sidebar-style":"unboxed","ast-global-header-display":"","ast-banner-title-visibility":"","ast-main-header-display":"","ast-hfb-above-header-display":"","ast-hfb-below-header-display":"","ast-hfb-mobile-header-display":"","site-post-title":"disabled","ast-breadcrumbs-content":"","ast-featured-img":"","footer-sml-layout":"","theme-transparent-header-meta":"enabled","adv-header-id-meta":"","stick-header-meta":"","header-above-stick-meta":"","header-main-stick-meta":"","header-below-stick-meta":"","astra-migrate-meta-layouts":"set","footnotes":""},"class_list":["post-78","page","type-page","status-publish","hentry"],"yoast_head":"<!-- This site is optimized with the Yoast SEO plugin v21.5 - https:\/\/yoast.com\/wordpress\/plugins\/seo\/ -->\n<title>Naslovna - NET ZERO<\/title>\n<meta name=\"description\" content=\"Poma\u017eemo Vam pri izra\u010dunu emisija i uklanjanja stakleni\u010dkih plinova iz svih tokova energije, materijala i ljudi, povezanih s poslovanjem poduze\u0107a.\" \/>\n<meta name=\"robots\" content=\"index, follow, max-snippet:-1, max-image-preview:large, max-video-preview:-1\" \/>\n<link rel=\"canonical\" href=\"https:\/\/netzero.hr\/en\/\" \/>\n<meta property=\"og:locale\" content=\"en_GB\" \/>\n<meta property=\"og:type\" content=\"article\" \/>\n<meta property=\"og:title\" content=\"Naslovna - NET ZERO\" \/>\n<meta property=\"og:description\" content=\"Poma\u017eemo Vam pri izra\u010dunu emisija i uklanjanja stakleni\u010dkih plinova iz svih tokova energije, materijala i ljudi, povezanih s poslovanjem poduze\u0107a.\" \/>\n<meta property=\"og:url\" content=\"https:\/\/netzero.hr\/en\/\" \/>\n<meta property=\"og:site_name\" content=\"NET ZERO\" \/>\n<meta property=\"article:modified_time\" content=\"2025-06-04T19:50:36+00:00\" \/>\n<meta property=\"og:image\" content=\"https:\/\/netzero.hr\/wp-content\/uploads\/2023\/11\/Carbon-footprint-scaled.jpg\" \/>\n<meta name=\"twitter:card\" content=\"summary_large_image\" \/>\n<meta name=\"twitter:label1\" content=\"Estimated reading time\" \/>\n\t<meta name=\"twitter:data1\" content=\"2 minutes\" \/>\n<script type=\"application\/ld+json\" class=\"yoast-schema-graph\">{\"@context\":\"https:\/\/schema.org\",\"@graph\":[{\"@type\":\"WebPage\",\"@id\":\"https:\/\/netzero.hr\/\",\"url\":\"https:\/\/netzero.hr\/\",\"name\":\"Naslovna - NET ZERO\",\"isPartOf\":{\"@id\":\"https:\/\/netzero.hr\/#website\"},\"datePublished\":\"2022-10-17T05:03:13+00:00\",\"dateModified\":\"2025-06-04T19:50:36+00:00\",\"description\":\"Poma\u017eemo Vam pri izra\u010dunu emisija i uklanjanja stakleni\u010dkih plinova iz svih tokova energije, materijala i ljudi, povezanih s poslovanjem poduze\u0107a.\",\"breadcrumb\":{\"@id\":\"https:\/\/netzero.hr\/#breadcrumb\"},\"inLanguage\":\"en-GB\",\"potentialAction\":[{\"@type\":\"ReadAction\",\"target\":[\"https:\/\/netzero.hr\/\"]}]},{\"@type\":\"BreadcrumbList\",\"@id\":\"https:\/\/netzero.hr\/#breadcrumb\",\"itemListElement\":[{\"@type\":\"ListItem\",\"position\":1,\"name\":\"Po\u010detna stranica\",\"item\":\"https:\/\/netzero.hr\/\"},{\"@type\":\"ListItem\",\"position\":2,\"name\":\"Naslovna\"}]},{\"@type\":\"WebSite\",\"@id\":\"https:\/\/netzero.hr\/#website\",\"url\":\"https:\/\/netzero.hr\/\",\"name\":\"NET ZERO\",\"description\":\"Zajedno do neto nule.\",\"publisher\":{\"@id\":\"https:\/\/netzero.hr\/#organization\"},\"potentialAction\":[{\"@type\":\"SearchAction\",\"target\":{\"@type\":\"EntryPoint\",\"urlTemplate\":\"https:\/\/netzero.hr\/?s={search_term_string}\"},\"query-input\":\"required name=search_term_string\"}],\"inLanguage\":\"en-GB\"},{\"@type\":\"Organization\",\"@id\":\"https:\/\/netzero.hr\/#organization\",\"name\":\"NET ZERO\",\"url\":\"https:\/\/netzero.hr\/\",\"logo\":{\"@type\":\"ImageObject\",\"inLanguage\":\"en-GB\",\"@id\":\"https:\/\/netzero.hr\/#\/schema\/logo\/image\/\",\"url\":\"https:\/\/netzero.hr\/wp-content\/uploads\/2023\/11\/cropped-cropped-Net-Zero-Logo-png.png\",\"contentUrl\":\"https:\/\/netzero.hr\/wp-content\/uploads\/2023\/11\/cropped-cropped-Net-Zero-Logo-png.png\",\"width\":1606,\"height\":1584,\"caption\":\"NET ZERO\"},\"image\":{\"@id\":\"https:\/\/netzero.hr\/#\/schema\/logo\/image\/\"}}]}<\/script>\n<!-- \/ Yoast SEO plugin. -->","yoast_head_json":{"title":"Naslovna - NET ZERO","description":"Poma\u017eemo Vam pri izra\u010dunu emisija i uklanjanja stakleni\u010dkih plinova iz svih tokova energije, materijala i ljudi, povezanih s poslovanjem poduze\u0107a.","robots":{"index":"index","follow":"follow","max-snippet":"max-snippet:-1","max-image-preview":"max-image-preview:large","max-video-preview":"max-video-preview:-1"},"canonical":"https:\/\/netzero.hr\/en\/","og_locale":"en_GB","og_type":"article","og_title":"Naslovna - NET ZERO","og_description":"Poma\u017eemo Vam pri izra\u010dunu emisija i uklanjanja stakleni\u010dkih plinova iz svih tokova energije, materijala i ljudi, povezanih s poslovanjem poduze\u0107a.","og_url":"https:\/\/netzero.hr\/en\/","og_site_name":"NET ZERO","article_modified_time":"2025-06-04T19:50:36+00:00","og_image":[{"url":"https:\/\/netzero.hr\/wp-content\/uploads\/2023\/11\/Carbon-footprint-scaled.jpg"}],"twitter_card":"summary_large_image","twitter_misc":{"Estimated reading time":"2 minutes"},"schema":{"@context":"https:\/\/schema.org","@graph":[{"@type":"WebPage","@id":"https:\/\/netzero.hr\/","url":"https:\/\/netzero.hr\/","name":"Naslovna - NET ZERO","isPartOf":{"@id":"https:\/\/netzero.hr\/#website"},"datePublished":"2022-10-17T05:03:13+00:00","dateModified":"2025-06-04T19:50:36+00:00","description":"Poma\u017eemo Vam pri izra\u010dunu emisija i uklanjanja stakleni\u010dkih plinova iz svih tokova energije, materijala i ljudi, povezanih s poslovanjem poduze\u0107a.","breadcrumb":{"@id":"https:\/\/netzero.hr\/#breadcrumb"},"inLanguage":"en-GB","potentialAction":[{"@type":"ReadAction","target":["https:\/\/netzero.hr\/"]}]},{"@type":"BreadcrumbList","@id":"https:\/\/netzero.hr\/#breadcrumb","itemListElement":[{"@type":"ListItem","position":1,"name":"Po\u010detna stranica","item":"https:\/\/netzero.hr\/"},{"@type":"ListItem","position":2,"name":"Naslovna"}]},{"@type":"WebSite","@id":"https:\/\/netzero.hr\/#website","url":"https:\/\/netzero.hr\/","name":"NET ZERO","description":"Zajedno do neto nule.","publisher":{"@id":"https:\/\/netzero.hr\/#organization"},"potentialAction":[{"@type":"SearchAction","target":{"@type":"EntryPoint","urlTemplate":"https:\/\/netzero.hr\/?s={search_term_string}"},"query-input":"required name=search_term_string"}],"inLanguage":"en-GB"},{"@type":"Organization","@id":"https:\/\/netzero.hr\/#organization","name":"NET ZERO","url":"https:\/\/netzero.hr\/","logo":{"@type":"ImageObject","inLanguage":"en-GB","@id":"https:\/\/netzero.hr\/#\/schema\/logo\/image\/","url":"https:\/\/netzero.hr\/wp-content\/uploads\/2023\/11\/cropped-cropped-Net-Zero-Logo-png.png","contentUrl":"https:\/\/netzero.hr\/wp-content\/uploads\/2023\/11\/cropped-cropped-Net-Zero-Logo-png.png","width":1606,"height":1584,"caption":"NET ZERO"},"image":{"@id":"https:\/\/netzero.hr\/#\/schema\/logo\/image\/"}}]}},"uagb_featured_image_src":{"full":false,"thumbnail":false,"medium":false,"medium_large":false,"large":false,"1536x1536":false,"2048x2048":false,"trp-custom-language-flag":false},"uagb_author_info":{"display_name":"adm85a","author_link":"https:\/\/netzero.hr\/en\/author\/adm85a\/"},"uagb_comment_info":0,"uagb_excerpt":"Zajedno do NET ZERO! Va\u0161 partner u izra\u010dunu i smanjenju ugljikovog otiska. Zajedno do NET ZERO! Va\u0161 partner u izra\u010dunu i smanjenju ugljikovog otiska. Smanjenje ugljikova otiska poslovnih subjekata je dio rje\u0161enja za problem klimatskih promjena, pri \u010demu dugoro\u010dni cilj treba biti ugljikova neutralnost, odnosno postizanje neto nule. Smanjenje ugljikova otiska poslovnih subjekata je dio&hellip;","rttpg_featured_image_url":null,"rttpg_author":{"display_name":"adm85a","author_link":"https:\/\/netzero.hr\/en\/author\/adm85a\/"},"rttpg_comment":0,"rttpg_category":null,"rttpg_excerpt":"Zajedno do NET ZERO! Va\u0161 partner u izra\u010dunu i smanjenju ugljikovog otiska. Zajedno do NET ZERO! Va\u0161 partner u izra\u010dunu i smanjenju ugljikovog otiska. Smanjenje ugljikova otiska poslovnih subjekata je dio rje\u0161enja za problem klimatskih promjena, pri \u010demu dugoro\u010dni cilj treba biti ugljikova neutralnost, odnosno postizanje neto nule. Smanjenje ugljikova otiska poslovnih subjekata je dio&hellip;","_links":{"self":[{"href":"https:\/\/netzero.hr\/en\/wp-json\/wp\/v2\/pages\/78","targetHints":{"allow":["GET"]}}],"collection":[{"href":"https:\/\/netzero.hr\/en\/wp-json\/wp\/v2\/pages"}],"about":[{"href":"https:\/\/netzero.hr\/en\/wp-json\/wp\/v2\/types\/page"}],"author":[{"embeddable":true,"href":"https:\/\/netzero.hr\/en\/wp-json\/wp\/v2\/users\/1"}],"replies":[{"embeddable":true,"href":"https:\/\/netzero.hr\/en\/wp-json\/wp\/v2\/comments?post=78"}],"version-history":[{"count":112,"href":"https:\/\/netzero.hr\/en\/wp-json\/wp\/v2\/pages\/78\/revisions"}],"predecessor-version":[{"id":1607,"href":"https:\/\/netzero.hr\/en\/wp-json\/wp\/v2\/pages\/78\/revisions\/1607"}],"wp:attachment":[{"href":"https:\/\/netzero.hr\/en\/wp-json\/wp\/v2\/media?parent=78"}],"curies":[{"name":"wp","href":"https:\/\/api.w.org\/{rel}","templated":true}]}}