{"id":3,"date":"2023-10-12T09:15:45","date_gmt":"2023-10-12T07:15:45","guid":{"rendered":"https:\/\/netzero.hr\/?page_id=3"},"modified":"2023-12-05T23:28:43","modified_gmt":"2023-12-05T22:28:43","slug":"pravila-privatnosti","status":"publish","type":"page","link":"https:\/\/netzero.hr\/en\/pravila-privatnosti\/","title":{"rendered":"Pravila privatnosti"},"content":{"rendered":"<h2 class=\"wp-block-heading\" style=\"margin-top:var(--wp--preset--spacing--80)\">Who are we<\/h2>\n\n\n\n<p>Domain: https:\/\/netzero.hr<\/p>\n\n\n\n<p>Company name: NET ZERO Ltd.<\/p>\n\n\n\n<p>Address: Ulica Mirka Ra\u010dkog 6, 10290 Zapre\u0161i\u0107<\/p>\n\n\n\n<p>OIB: 11333845032<\/p>\n\n\n\n<h2 class=\"wp-block-heading\" style=\"margin-top:var(--wp--preset--spacing--60)\">Introductory regulations<\/h2>\n\n\n\n<p>Any use of this website is governed by these terms of use. These terms of use apply to all users of the website. By using this website, it is considered that users are familiar with these terms of use at all times and that they fully understand and accept them. By using the website, the user accepts all possible risks arising from the use of this website and agrees to use this website exclusively for non-commercial purposes, for personal use and at his own risk. If by any chance you do not agree with these terms of use, you are completely free not to use this website.<\/p>\n\n\n\n<h2 class=\"wp-block-heading\" style=\"margin-top:var(--wp--preset--spacing--60)\">Ownership and copyright protection<\/h2>\n\n\n\n<p>This website and the content on this website is the property of NET ZERO and as such is protected by copyright. Certain elements may be the property of third parties, but in this case NET ZERO has a valid right of use. Unauthorized use of any part of the website without the permission of NET ZERO is considered a copyright infringement. Documents, data, information, photos and\/or video materials published on the website may not be reproduced, distributed or in any way used for commercial purposes without the express consent of NET ZERO or in any way that may cause damage to NET ZERO and\/or any third party. Documents, data, information, photos and\/or video materials published on these websites can only be used for the individual needs of the user while respecting all copyright and ownership rights and the rights of third parties.<\/p>\n\n\n\n<h2 class=\"wp-block-heading\" style=\"margin-top:var(--wp--preset--spacing--60)\">Cookies<\/h2>\n\n\n\n<p>This website uses \"cookies\" in its work, which enable the proper operation of the site and its improvement, all for the purpose of providing the best possible user experience. \"Cookies\" are small files that the internet browser (eng. \"web browser\") stores on the computer, mobile device or some other device with which the user visited an internet site, and which are used for various purposes, e.g. for web analysis, measurement number of visitors, analysis of searches, language settings, etc. \"Cookies\" provide the possibility of storing the characteristic preferences of website visitors, optimizing technical processes and continuously improving the offer. Setting \"cookies\" on the user's devices and reading information already stored on the device is done with the user's consent and prior clear information about which data will be collected and for what purpose. It is also possible to prevent the storage of \"cookies\", but in this connection the limited offer of this website is also possible. Only \"cookies\" that are technically necessary for communication between the user's equipment and this website or to provide a service at the user's request are exempt from consent.<\/p>\n\n\n\n<p>If you write a comment on our website, you can choose to save your name, email address and website in cookies. This makes it easier for you to re-comment, so you don't have to re-enter that information. These cookies last for a year.<\/p>\n\n\n\n<p>If you visit our login page, we will set a temporary cookie to determine if your browser accepts cookies. This cookie does not contain personal data and is deleted when you close your browser.<\/p>\n\n\n\n<h2 class=\"wp-block-heading\" style=\"margin-top:var(--wp--preset--spacing--60)\">Embedded content from other websites<\/h2>\n\n\n\n<p>Articles on this website may contain embedded content (eg video, images, articles, etc.). Embedded content from other web pages behaves the same as if the visitor had visited that other web page.<\/p>\n\n\n\n<p>These websites may collect information about you, use cookies, have additional third-party tracking embedded, and monitor your interaction with that embedded content, including tracking your interaction with the embedded content if you have an account and are logged in to the website.<\/p>\n\n\n\n<h2 class=\"wp-block-heading\" style=\"margin-top:var(--wp--preset--spacing--60)\">Changing the content of the website<\/h2>\n\n\n\n<p>NET ZERO reserves the right to change the content of the website and\/or the terms of use of this website, at any time, without any restrictions and\/or liability. Changes take effect on the date of publication on this website.<\/p>\n\n\n\n<h2 class=\"wp-block-heading\" style=\"margin-top:var(--wp--preset--spacing--60)\">Limitation of liability<\/h2>\n\n\n\n<p>By using the website, the user accepts all possible risks arising from the use of this website and accepts to use this website at his own risk.<\/p>\n\n\n\n<p>NET ZERO strives to keep the website up-to-date and functional at all times, but in no case can it guarantee the same, therefore NET ZERO cannot be held responsible for any possible unavailability of the website and\/or errors in the operation of the website. NET ZERO will try to fix such a situation as soon as possible, either by reference to the situation by the user or by its own observation of the situation.<\/p>\n\n\n\n<p>NET ZERO disclaims any liability that may arise from any use and\/or misuse of this website. The user who uses the website or has committed abuse while using the website is solely responsible for any damage and\/or other consequences that may result from such behavior.<\/p>\n\n\n\n<p>NET ZERO uses links on this website to other websites that are not owned or controlled by it. Therefore, NET ZERO is not responsible for the use of those links. Each user independently decides whether to use the link and assumes responsibility for its use. NET ZERO is not responsible for the accuracy of the information and\/or content on these websites.<\/p>\n\n\n\n<h2 class=\"wp-block-heading\" style=\"margin-top:var(--wp--preset--spacing--60)\">Final regulations<\/h2>\n\n\n\n<p>These website terms of use shall come into force on the date of publication on this website.<\/p>","protected":false},"excerpt":{"rendered":"<p>Tko smo mi Domena: https:\/\/netzero.hr Naziv: NET ZERO dru\u0161tvo s ograni\u010denom odgovorno\u0161\u0107u za usluge Adresa: Ulica Mirka Ra\u010dkog 6, 10290 Zapre\u0161i\u0107 OIB: 11333845032 Uvodne odredbe Svako kori\u0161tenje ove web stranice ure\u0111eno je ovim uvjetima kori\u0161tenja. Ovi uvjeti kori\u0161tenja vrijede za sve korisnike web stranice. Kori\u0161tenjem ove web stranice smatra se da su korisnici u svakom &hellip;<\/p>\n<p class=\"read-more\"> <a class=\"\" href=\"https:\/\/netzero.hr\/en\/pravila-privatnosti\/\"> <span class=\"screen-reader-text\">Pravila privatnosti<\/span> Read More &raquo;<\/a><\/p>","protected":false},"author":1,"featured_media":0,"parent":0,"menu_order":0,"comment_status":"closed","ping_status":"open","template":"","meta":{"_uag_custom_page_level_css":"","site-sidebar-layout":"default","site-content-layout":"","ast-site-content-layout":"default","site-content-style":"default","site-sidebar-style":"default","ast-global-header-display":"","ast-banner-title-visibility":"","ast-main-header-display":"","ast-hfb-above-header-display":"","ast-hfb-below-header-display":"","ast-hfb-mobile-header-display":"","site-post-title":"","ast-breadcrumbs-content":"","ast-featured-img":"","footer-sml-layout":"","theme-transparent-header-meta":"","adv-header-id-meta":"","stick-header-meta":"","header-above-stick-meta":"","header-main-stick-meta":"","header-below-stick-meta":"","astra-migrate-meta-layouts":"set","footnotes":""},"class_list":["post-3","page","type-page","status-publish","hentry"],"yoast_head":"<!-- This site is optimized with the Yoast SEO plugin v21.5 - https:\/\/yoast.com\/wordpress\/plugins\/seo\/ -->\n<title>Pravila privatnosti - NET ZERO<\/title>\n<meta name=\"robots\" content=\"index, follow, max-snippet:-1, max-image-preview:large, max-video-preview:-1\" \/>\n<link rel=\"canonical\" href=\"https:\/\/netzero.hr\/en\/pravila-privatnosti\/\" \/>\n<meta property=\"og:locale\" content=\"en_GB\" \/>\n<meta property=\"og:type\" content=\"article\" \/>\n<meta property=\"og:title\" content=\"Pravila privatnosti - NET ZERO\" \/>\n<meta property=\"og:description\" content=\"Tko smo mi Domena: https:\/\/netzero.hr Naziv: NET ZERO dru\u0161tvo s ograni\u010denom odgovorno\u0161\u0107u za usluge Adresa: Ulica Mirka Ra\u010dkog 6, 10290 Zapre\u0161i\u0107 OIB: 11333845032 Uvodne odredbe Svako kori\u0161tenje ove web stranice ure\u0111eno je ovim uvjetima kori\u0161tenja. Ovi uvjeti kori\u0161tenja vrijede za sve korisnike web stranice. Kori\u0161tenjem ove web stranice smatra se da su korisnici u svakom &hellip; Pravila privatnosti Read More &raquo;\" \/>\n<meta property=\"og:url\" content=\"https:\/\/netzero.hr\/en\/pravila-privatnosti\/\" \/>\n<meta property=\"og:site_name\" content=\"NET ZERO\" \/>\n<meta property=\"article:modified_time\" content=\"2023-12-05T22:28:43+00:00\" \/>\n<meta name=\"twitter:card\" content=\"summary_large_image\" \/>\n<meta name=\"twitter:label1\" content=\"Estimated reading time\" \/>\n\t<meta name=\"twitter:data1\" content=\"5 minutes\" \/>\n<script type=\"application\/ld+json\" class=\"yoast-schema-graph\">{\"@context\":\"https:\/\/schema.org\",\"@graph\":[{\"@type\":\"WebPage\",\"@id\":\"https:\/\/netzero.hr\/pravila-privatnosti\/\",\"url\":\"https:\/\/netzero.hr\/pravila-privatnosti\/\",\"name\":\"Pravila privatnosti - NET ZERO\",\"isPartOf\":{\"@id\":\"https:\/\/netzero.hr\/#website\"},\"datePublished\":\"2023-10-12T07:15:45+00:00\",\"dateModified\":\"2023-12-05T22:28:43+00:00\",\"breadcrumb\":{\"@id\":\"https:\/\/netzero.hr\/pravila-privatnosti\/#breadcrumb\"},\"inLanguage\":\"en-GB\",\"potentialAction\":[{\"@type\":\"ReadAction\",\"target\":[\"https:\/\/netzero.hr\/pravila-privatnosti\/\"]}]},{\"@type\":\"BreadcrumbList\",\"@id\":\"https:\/\/netzero.hr\/pravila-privatnosti\/#breadcrumb\",\"itemListElement\":[{\"@type\":\"ListItem\",\"position\":1,\"name\":\"Po\u010detna stranica\",\"item\":\"https:\/\/netzero.hr\/\"},{\"@type\":\"ListItem\",\"position\":2,\"name\":\"Pravila privatnosti\"}]},{\"@type\":\"WebSite\",\"@id\":\"https:\/\/netzero.hr\/#website\",\"url\":\"https:\/\/netzero.hr\/\",\"name\":\"NET ZERO\",\"description\":\"Zajedno do neto nule.\",\"publisher\":{\"@id\":\"https:\/\/netzero.hr\/#organization\"},\"potentialAction\":[{\"@type\":\"SearchAction\",\"target\":{\"@type\":\"EntryPoint\",\"urlTemplate\":\"https:\/\/netzero.hr\/?s={search_term_string}\"},\"query-input\":\"required name=search_term_string\"}],\"inLanguage\":\"en-GB\"},{\"@type\":\"Organization\",\"@id\":\"https:\/\/netzero.hr\/#organization\",\"name\":\"NET ZERO\",\"url\":\"https:\/\/netzero.hr\/\",\"logo\":{\"@type\":\"ImageObject\",\"inLanguage\":\"en-GB\",\"@id\":\"https:\/\/netzero.hr\/#\/schema\/logo\/image\/\",\"url\":\"https:\/\/netzero.hr\/wp-content\/uploads\/2023\/11\/cropped-cropped-Net-Zero-Logo-png.png\",\"contentUrl\":\"https:\/\/netzero.hr\/wp-content\/uploads\/2023\/11\/cropped-cropped-Net-Zero-Logo-png.png\",\"width\":1606,\"height\":1584,\"caption\":\"NET ZERO\"},\"image\":{\"@id\":\"https:\/\/netzero.hr\/#\/schema\/logo\/image\/\"}}]}<\/script>\n<!-- \/ Yoast SEO plugin. -->","yoast_head_json":{"title":"Pravila privatnosti - NET ZERO","robots":{"index":"index","follow":"follow","max-snippet":"max-snippet:-1","max-image-preview":"max-image-preview:large","max-video-preview":"max-video-preview:-1"},"canonical":"https:\/\/netzero.hr\/en\/pravila-privatnosti\/","og_locale":"en_GB","og_type":"article","og_title":"Pravila privatnosti - NET ZERO","og_description":"Tko smo mi Domena: https:\/\/netzero.hr Naziv: NET ZERO dru\u0161tvo s ograni\u010denom odgovorno\u0161\u0107u za usluge Adresa: Ulica Mirka Ra\u010dkog 6, 10290 Zapre\u0161i\u0107 OIB: 11333845032 Uvodne odredbe Svako kori\u0161tenje ove web stranice ure\u0111eno je ovim uvjetima kori\u0161tenja. Ovi uvjeti kori\u0161tenja vrijede za sve korisnike web stranice. Kori\u0161tenjem ove web stranice smatra se da su korisnici u svakom &hellip; Pravila privatnosti Read More &raquo;","og_url":"https:\/\/netzero.hr\/en\/pravila-privatnosti\/","og_site_name":"NET ZERO","article_modified_time":"2023-12-05T22:28:43+00:00","twitter_card":"summary_large_image","twitter_misc":{"Estimated reading time":"5 minutes"},"schema":{"@context":"https:\/\/schema.org","@graph":[{"@type":"WebPage","@id":"https:\/\/netzero.hr\/pravila-privatnosti\/","url":"https:\/\/netzero.hr\/pravila-privatnosti\/","name":"Pravila privatnosti - NET ZERO","isPartOf":{"@id":"https:\/\/netzero.hr\/#website"},"datePublished":"2023-10-12T07:15:45+00:00","dateModified":"2023-12-05T22:28:43+00:00","breadcrumb":{"@id":"https:\/\/netzero.hr\/pravila-privatnosti\/#breadcrumb"},"inLanguage":"en-GB","potentialAction":[{"@type":"ReadAction","target":["https:\/\/netzero.hr\/pravila-privatnosti\/"]}]},{"@type":"BreadcrumbList","@id":"https:\/\/netzero.hr\/pravila-privatnosti\/#breadcrumb","itemListElement":[{"@type":"ListItem","position":1,"name":"Po\u010detna stranica","item":"https:\/\/netzero.hr\/"},{"@type":"ListItem","position":2,"name":"Pravila privatnosti"}]},{"@type":"WebSite","@id":"https:\/\/netzero.hr\/#website","url":"https:\/\/netzero.hr\/","name":"NET ZERO","description":"Zajedno do neto nule.","publisher":{"@id":"https:\/\/netzero.hr\/#organization"},"potentialAction":[{"@type":"SearchAction","target":{"@type":"EntryPoint","urlTemplate":"https:\/\/netzero.hr\/?s={search_term_string}"},"query-input":"required name=search_term_string"}],"inLanguage":"en-GB"},{"@type":"Organization","@id":"https:\/\/netzero.hr\/#organization","name":"NET ZERO","url":"https:\/\/netzero.hr\/","logo":{"@type":"ImageObject","inLanguage":"en-GB","@id":"https:\/\/netzero.hr\/#\/schema\/logo\/image\/","url":"https:\/\/netzero.hr\/wp-content\/uploads\/2023\/11\/cropped-cropped-Net-Zero-Logo-png.png","contentUrl":"https:\/\/netzero.hr\/wp-content\/uploads\/2023\/11\/cropped-cropped-Net-Zero-Logo-png.png","width":1606,"height":1584,"caption":"NET ZERO"},"image":{"@id":"https:\/\/netzero.hr\/#\/schema\/logo\/image\/"}}]}},"uagb_featured_image_src":{"full":false,"thumbnail":false,"medium":false,"medium_large":false,"large":false,"1536x1536":false,"2048x2048":false,"trp-custom-language-flag":false},"uagb_author_info":{"display_name":"adm85a","author_link":"https:\/\/netzero.hr\/en\/author\/adm85a\/"},"uagb_comment_info":0,"uagb_excerpt":"Tko smo mi Domena: https:\/\/netzero.hr Naziv: NET ZERO dru\u0161tvo s ograni\u010denom odgovorno\u0161\u0107u za usluge Adresa: Ulica Mirka Ra\u010dkog 6, 10290 Zapre\u0161i\u0107 OIB: 11333845032 Uvodne odredbe Svako kori\u0161tenje ove web stranice ure\u0111eno je ovim uvjetima kori\u0161tenja. Ovi uvjeti kori\u0161tenja vrijede za sve korisnike web stranice. Kori\u0161tenjem ove web stranice smatra se da su korisnici u svakom&hellip;","rttpg_featured_image_url":null,"rttpg_author":{"display_name":"adm85a","author_link":"https:\/\/netzero.hr\/en\/author\/adm85a\/"},"rttpg_comment":0,"rttpg_category":null,"rttpg_excerpt":"Tko smo mi Domena: https:\/\/netzero.hr Naziv: NET ZERO dru\u0161tvo s ograni\u010denom odgovorno\u0161\u0107u za usluge Adresa: Ulica Mirka Ra\u010dkog 6, 10290 Zapre\u0161i\u0107 OIB: 11333845032 Uvodne odredbe Svako kori\u0161tenje ove web stranice ure\u0111eno je ovim uvjetima kori\u0161tenja. Ovi uvjeti kori\u0161tenja vrijede za sve korisnike web stranice. Kori\u0161tenjem ove web stranice smatra se da su korisnici u svakom&hellip;","_links":{"self":[{"href":"https:\/\/netzero.hr\/en\/wp-json\/wp\/v2\/pages\/3","targetHints":{"allow":["GET"]}}],"collection":[{"href":"https:\/\/netzero.hr\/en\/wp-json\/wp\/v2\/pages"}],"about":[{"href":"https:\/\/netzero.hr\/en\/wp-json\/wp\/v2\/types\/page"}],"author":[{"embeddable":true,"href":"https:\/\/netzero.hr\/en\/wp-json\/wp\/v2\/users\/1"}],"replies":[{"embeddable":true,"href":"https:\/\/netzero.hr\/en\/wp-json\/wp\/v2\/comments?post=3"}],"version-history":[{"count":8,"href":"https:\/\/netzero.hr\/en\/wp-json\/wp\/v2\/pages\/3\/revisions"}],"predecessor-version":[{"id":1472,"href":"https:\/\/netzero.hr\/en\/wp-json\/wp\/v2\/pages\/3\/revisions\/1472"}],"wp:attachment":[{"href":"https:\/\/netzero.hr\/en\/wp-json\/wp\/v2\/media?parent=3"}],"curies":[{"name":"wp","href":"https:\/\/api.w.org\/{rel}","templated":true}]}}