{"id":107,"date":"2022-10-17T07:27:30","date_gmt":"2022-10-17T05:27:30","guid":{"rendered":"https:\/\/netzero.hr\/about\/"},"modified":"2023-12-16T21:20:12","modified_gmt":"2023-12-16T20:20:12","slug":"onama","status":"publish","type":"page","link":"https:\/\/netzero.hr\/en\/onama\/","title":{"rendered":"About us"},"content":{"rendered":"<div class=\"wp-block-uagb-container uagb-block-c519c12d alignfull uagb-is-root-container\"><div class=\"uagb-container-inner-blocks-wrap\">\n<div class=\"wp-block-uagb-advanced-heading uagb-block-da94fd2c\"><h1 class=\"uagb-heading-text\">ABOUT US<\/h1><\/div>\n<\/div><\/div>\n\n\n\n<div class=\"wp-block-uagb-container uagb-block-c1107f9e alignfull uagb-is-root-container\"><div class=\"uagb-container-inner-blocks-wrap\">\n<div class=\"wp-block-uagb-container uagb-block-c93b1cdb\">\n<div class=\"wp-block-uagb-info-box uagb-block-fc0d3afc uagb-infobox__content-wrap  uagb-infobox-icon-above-title uagb-infobox-image-valign-top\"><div class=\"uagb-ifb-content\"><div class=\"uagb-ifb-title-wrap\"><\/div><p class=\"uagb-ifb-desc\">Be part of the change towards a sustainable planet.<br><br>With thirty years of professional experience in the field of climate change mitigation, we are ready to provide you with guidance and solutions.<\/p><\/div><\/div>\n\n\n\n<div class=\"wp-block-uagb-buttons uagb-buttons__outer-wrap uagb-btn__default-btn uagb-btn-tablet__default-btn uagb-btn-mobile__default-btn uagb-block-2f20f269\"><div class=\"uagb-buttons__wrap uagb-buttons-layout-wrap\">\n<div class=\"wp-block-uagb-buttons-child uagb-buttons__outer-wrap uagb-block-606493a7 wp-block-button\"><div class=\"uagb-button__wrapper\"><a class=\"uagb-buttons-repeater wp-block-button__link\" href=\"https:\/\/netzero.hr\/en\/kontakt\/\" onclick=\"return true;\" rel=\"follow noopener\" target=\"_self\"><div class=\"uagb-button__link\">CONTACT US<\/div><\/a><\/div><\/div>\n<\/div><\/div>\n<\/div>\n<\/div><\/div>\n\n\n\n<div class=\"wp-block-columns is-layout-flex wp-container-core-columns-is-layout-6b5e67c5 wp-block-columns-is-layout-flex\" style=\"margin-top:var(--wp--preset--spacing--40);margin-bottom:0;padding-top:var(--wp--preset--spacing--20);padding-bottom:0\">\n<div class=\"wp-block-column is-vertically-aligned-top is-layout-flow wp-block-column-is-layout-flow\">\n<div class=\"wp-block-uagb-advanced-heading uagb-block-4c98691d\"><h2 class=\"uagb-heading-text\">HOW CAN WE HELP YOU REACH NET ZERO?<\/h2><\/div>\n\n\n\n<p style=\"line-height:2\">Many years of experience in carbon footprint calculation includes work with more than 60 private and public organisations. Calculations of GHG emissions and removals from all relevant categories according to the ISO 14064-1:2018 standard and from all three scopes according to the GHG Protocol Corporate Standard, are part of our everyday life. A strategy and action plan for reducing the carbon footprint was developed for more than 20 organisations.<br><br>If you are thinking about verifying the carbon footprint calculation, you can rely on our support.<\/p>\n\n\n\n<p class=\"has-text-align-left has-ast-global-color-0-color has-text-color has-medium-font-size uag-hide-desktop uag-hide-tab translation-block\" style=\"padding-top:var(--wp--preset--spacing--20);padding-bottom:var(--wp--preset--spacing--40)\"><strong>\u017deljko Juri\u0107<\/strong>, M.Sc., CEO<\/p>\n\n\n\n<figure class=\"wp-block-image size-large is-resized uag-hide-desktop\"><img loading=\"lazy\" decoding=\"async\" width=\"767\" height=\"1024\" src=\"https:\/\/netzero.hr\/wp-content\/uploads\/2023\/11\/DSC_5093-3-scaled-e1699297811863-767x1024.jpg\" alt=\"\" class=\"wp-image-1129\" style=\"width:470px;height:auto\" srcset=\"https:\/\/netzero.hr\/wp-content\/uploads\/2023\/11\/DSC_5093-3-scaled-e1699297811863-767x1024.jpg 767w, https:\/\/netzero.hr\/wp-content\/uploads\/2023\/11\/DSC_5093-3-scaled-e1699297811863-225x300.jpg 225w, https:\/\/netzero.hr\/wp-content\/uploads\/2023\/11\/DSC_5093-3-scaled-e1699297811863-768x1025.jpg 768w, https:\/\/netzero.hr\/wp-content\/uploads\/2023\/11\/DSC_5093-3-scaled-e1699297811863-1151x1536.jpg 1151w, https:\/\/netzero.hr\/wp-content\/uploads\/2023\/11\/DSC_5093-3-scaled-e1699297811863-1535x2048.jpg 1535w, https:\/\/netzero.hr\/wp-content\/uploads\/2023\/11\/DSC_5093-3-scaled-e1699297811863-9x12.jpg 9w, https:\/\/netzero.hr\/wp-content\/uploads\/2023\/11\/DSC_5093-3-scaled-e1699297811863.jpg 1710w\" sizes=\"auto, (max-width: 767px) 100vw, 767px\" \/><figcaption class=\"wp-element-caption\">PHOTO: juc_photography \/ Marko Juri\u0107<\/figcaption><\/figure>\n\n\n\n<p class=\"has-text-align-left has-ast-global-color-0-color has-text-color has-medium-font-size uag-hide-mob translation-block\" style=\"padding-top:var(--wp--preset--spacing--60);padding-bottom:var(--wp--preset--spacing--30)\"><strong>\u017deljko Juri\u0107<\/strong>, M.Sc., CEO<\/p>\n<\/div>\n\n\n\n<div class=\"wp-block-column is-vertically-aligned-center is-layout-flow wp-block-column-is-layout-flow\">\n<figure class=\"wp-block-image size-large uag-hide-tab uag-hide-mob\"><img loading=\"lazy\" decoding=\"async\" width=\"767\" height=\"1024\" src=\"https:\/\/netzero.hr\/wp-content\/uploads\/2023\/11\/DSC_5093-3-scaled-e1699297811863-767x1024.jpg\" alt=\"\" class=\"wp-image-1129\" srcset=\"https:\/\/netzero.hr\/wp-content\/uploads\/2023\/11\/DSC_5093-3-scaled-e1699297811863-767x1024.jpg 767w, https:\/\/netzero.hr\/wp-content\/uploads\/2023\/11\/DSC_5093-3-scaled-e1699297811863-225x300.jpg 225w, https:\/\/netzero.hr\/wp-content\/uploads\/2023\/11\/DSC_5093-3-scaled-e1699297811863-768x1025.jpg 768w, https:\/\/netzero.hr\/wp-content\/uploads\/2023\/11\/DSC_5093-3-scaled-e1699297811863-1151x1536.jpg 1151w, https:\/\/netzero.hr\/wp-content\/uploads\/2023\/11\/DSC_5093-3-scaled-e1699297811863-1535x2048.jpg 1535w, https:\/\/netzero.hr\/wp-content\/uploads\/2023\/11\/DSC_5093-3-scaled-e1699297811863-9x12.jpg 9w, https:\/\/netzero.hr\/wp-content\/uploads\/2023\/11\/DSC_5093-3-scaled-e1699297811863.jpg 1710w\" sizes=\"auto, (max-width: 767px) 100vw, 767px\" \/><figcaption class=\"wp-element-caption\">PHOTO: juc_photography \/ Marko Juri\u0107<\/figcaption><\/figure>\n<\/div>\n<\/div>\n\n\n\n<div class=\"wp-block-uagb-container uagb-block-347ef204 alignfull uagb-is-root-container\"><div class=\"uagb-container-inner-blocks-wrap\">\n<div class=\"wp-block-uagb-call-to-action uagb-block-6d4c987b wp-block-button\"><div class=\"uagb-cta__wrap\"><h2 class=\"uagb-cta__title\">Every journey begins with the first step.<\/h2><p class=\"uagb-cta__desc\">Let's begin the journey to net zero.<\/p><\/div><div class=\"uagb-cta__buttons\"><a href=\"https:\/\/netzero.hr\/en\/kontakt\/\" class=\"uagb-cta__button-link-wrapper wp-block-button__link\" target=\"_self\" rel=\"noopener noreferrer\">LET'S GO<\/a><\/div><\/div>\n<\/div><\/div>","protected":false},"excerpt":{"rendered":"<p>O NAMA KAKO VAM MO\u017dEMO POMO\u0106I DA POSTIGNETE NET ZERO? Dugogodi\u0161nje iskustvo u izra\u010dunu ugljikovog otiska obuhva\u0107a rad s vi\u0161e od 60 privatnih i javnih poslovnih subjekata. Prora\u010duni emisija i uklanjanja stakleni\u010dkih plinova iz svih relevantnih kategorija prema normi ISO 14064-1:2018, odnosno iz sva tri opsega prema standardu definiranom u okviru Protokola o stakleni\u010dkim plinovima &hellip;<\/p>\n<p class=\"read-more\"> <a class=\"\" href=\"https:\/\/netzero.hr\/en\/onama\/\"> <span class=\"screen-reader-text\">About us<\/span> Read More &raquo;<\/a><\/p>","protected":false},"author":1,"featured_media":0,"parent":0,"menu_order":0,"comment_status":"closed","ping_status":"closed","template":"","meta":{"_uag_custom_page_level_css":"","site-sidebar-layout":"default","site-content-layout":"","ast-site-content-layout":"default","site-content-style":"default","site-sidebar-style":"default","ast-global-header-display":"","ast-banner-title-visibility":"","ast-main-header-display":"","ast-hfb-above-header-display":"","ast-hfb-below-header-display":"","ast-hfb-mobile-header-display":"","site-post-title":"disabled","ast-breadcrumbs-content":"","ast-featured-img":"","footer-sml-layout":"","theme-transparent-header-meta":"enabled","adv-header-id-meta":"","stick-header-meta":"","header-above-stick-meta":"","header-main-stick-meta":"","header-below-stick-meta":"","astra-migrate-meta-layouts":"set","footnotes":""},"class_list":["post-107","page","type-page","status-publish","hentry"],"yoast_head":"<!-- This site is optimized with the Yoast SEO plugin v21.5 - https:\/\/yoast.com\/wordpress\/plugins\/seo\/ -->\n<title>O nama - NET ZERO<\/title>\n<meta name=\"robots\" content=\"index, follow, max-snippet:-1, max-image-preview:large, max-video-preview:-1\" \/>\n<link rel=\"canonical\" href=\"https:\/\/netzero.hr\/en\/onama\/\" \/>\n<meta property=\"og:locale\" content=\"en_GB\" \/>\n<meta property=\"og:type\" content=\"article\" \/>\n<meta property=\"og:title\" content=\"O nama - NET ZERO\" \/>\n<meta property=\"og:description\" content=\"O NAMA KAKO VAM MO\u017dEMO POMO\u0106I DA POSTIGNETE NET ZERO? Dugogodi\u0161nje iskustvo u izra\u010dunu ugljikovog otiska obuhva\u0107a rad s vi\u0161e od 60 privatnih i javnih poslovnih subjekata. Prora\u010duni emisija i uklanjanja stakleni\u010dkih plinova iz svih relevantnih kategorija prema normi ISO 14064-1:2018, odnosno iz sva tri opsega prema standardu definiranom u okviru Protokola o stakleni\u010dkim plinovima &hellip; O nama Read More &raquo;\" \/>\n<meta property=\"og:url\" content=\"https:\/\/netzero.hr\/en\/onama\/\" \/>\n<meta property=\"og:site_name\" content=\"NET ZERO\" \/>\n<meta property=\"article:modified_time\" content=\"2023-12-16T20:20:12+00:00\" \/>\n<meta property=\"og:image\" content=\"https:\/\/netzero.hr\/wp-content\/uploads\/2023\/11\/DSC_5093-3-scaled-e1699297811863-767x1024.jpg\" \/>\n<meta name=\"twitter:card\" content=\"summary_large_image\" \/>\n<meta name=\"twitter:label1\" content=\"Estimated reading time\" \/>\n\t<meta name=\"twitter:data1\" content=\"2 minutes\" \/>\n<script type=\"application\/ld+json\" class=\"yoast-schema-graph\">{\"@context\":\"https:\/\/schema.org\",\"@graph\":[{\"@type\":\"WebPage\",\"@id\":\"https:\/\/netzero.hr\/onama\/\",\"url\":\"https:\/\/netzero.hr\/onama\/\",\"name\":\"O nama - NET ZERO\",\"isPartOf\":{\"@id\":\"https:\/\/netzero.hr\/#website\"},\"datePublished\":\"2022-10-17T05:27:30+00:00\",\"dateModified\":\"2023-12-16T20:20:12+00:00\",\"breadcrumb\":{\"@id\":\"https:\/\/netzero.hr\/onama\/#breadcrumb\"},\"inLanguage\":\"en-GB\",\"potentialAction\":[{\"@type\":\"ReadAction\",\"target\":[\"https:\/\/netzero.hr\/onama\/\"]}]},{\"@type\":\"BreadcrumbList\",\"@id\":\"https:\/\/netzero.hr\/onama\/#breadcrumb\",\"itemListElement\":[{\"@type\":\"ListItem\",\"position\":1,\"name\":\"Po\u010detna stranica\",\"item\":\"https:\/\/netzero.hr\/\"},{\"@type\":\"ListItem\",\"position\":2,\"name\":\"O nama\"}]},{\"@type\":\"WebSite\",\"@id\":\"https:\/\/netzero.hr\/#website\",\"url\":\"https:\/\/netzero.hr\/\",\"name\":\"NET ZERO\",\"description\":\"Zajedno do neto nule.\",\"publisher\":{\"@id\":\"https:\/\/netzero.hr\/#organization\"},\"potentialAction\":[{\"@type\":\"SearchAction\",\"target\":{\"@type\":\"EntryPoint\",\"urlTemplate\":\"https:\/\/netzero.hr\/?s={search_term_string}\"},\"query-input\":\"required name=search_term_string\"}],\"inLanguage\":\"en-GB\"},{\"@type\":\"Organization\",\"@id\":\"https:\/\/netzero.hr\/#organization\",\"name\":\"NET ZERO\",\"url\":\"https:\/\/netzero.hr\/\",\"logo\":{\"@type\":\"ImageObject\",\"inLanguage\":\"en-GB\",\"@id\":\"https:\/\/netzero.hr\/#\/schema\/logo\/image\/\",\"url\":\"https:\/\/netzero.hr\/wp-content\/uploads\/2023\/11\/cropped-cropped-Net-Zero-Logo-png.png\",\"contentUrl\":\"https:\/\/netzero.hr\/wp-content\/uploads\/2023\/11\/cropped-cropped-Net-Zero-Logo-png.png\",\"width\":1606,\"height\":1584,\"caption\":\"NET ZERO\"},\"image\":{\"@id\":\"https:\/\/netzero.hr\/#\/schema\/logo\/image\/\"}}]}<\/script>\n<!-- \/ Yoast SEO plugin. -->","yoast_head_json":{"title":"O nama - NET ZERO","robots":{"index":"index","follow":"follow","max-snippet":"max-snippet:-1","max-image-preview":"max-image-preview:large","max-video-preview":"max-video-preview:-1"},"canonical":"https:\/\/netzero.hr\/en\/onama\/","og_locale":"en_GB","og_type":"article","og_title":"O nama - NET ZERO","og_description":"O NAMA KAKO VAM MO\u017dEMO POMO\u0106I DA POSTIGNETE NET ZERO? Dugogodi\u0161nje iskustvo u izra\u010dunu ugljikovog otiska obuhva\u0107a rad s vi\u0161e od 60 privatnih i javnih poslovnih subjekata. Prora\u010duni emisija i uklanjanja stakleni\u010dkih plinova iz svih relevantnih kategorija prema normi ISO 14064-1:2018, odnosno iz sva tri opsega prema standardu definiranom u okviru Protokola o stakleni\u010dkim plinovima &hellip; O nama Read More &raquo;","og_url":"https:\/\/netzero.hr\/en\/onama\/","og_site_name":"NET ZERO","article_modified_time":"2023-12-16T20:20:12+00:00","og_image":[{"url":"https:\/\/netzero.hr\/wp-content\/uploads\/2023\/11\/DSC_5093-3-scaled-e1699297811863-767x1024.jpg"}],"twitter_card":"summary_large_image","twitter_misc":{"Estimated reading time":"2 minutes"},"schema":{"@context":"https:\/\/schema.org","@graph":[{"@type":"WebPage","@id":"https:\/\/netzero.hr\/onama\/","url":"https:\/\/netzero.hr\/onama\/","name":"O nama - NET ZERO","isPartOf":{"@id":"https:\/\/netzero.hr\/#website"},"datePublished":"2022-10-17T05:27:30+00:00","dateModified":"2023-12-16T20:20:12+00:00","breadcrumb":{"@id":"https:\/\/netzero.hr\/onama\/#breadcrumb"},"inLanguage":"en-GB","potentialAction":[{"@type":"ReadAction","target":["https:\/\/netzero.hr\/onama\/"]}]},{"@type":"BreadcrumbList","@id":"https:\/\/netzero.hr\/onama\/#breadcrumb","itemListElement":[{"@type":"ListItem","position":1,"name":"Po\u010detna stranica","item":"https:\/\/netzero.hr\/"},{"@type":"ListItem","position":2,"name":"O nama"}]},{"@type":"WebSite","@id":"https:\/\/netzero.hr\/#website","url":"https:\/\/netzero.hr\/","name":"NET ZERO","description":"Zajedno do neto nule.","publisher":{"@id":"https:\/\/netzero.hr\/#organization"},"potentialAction":[{"@type":"SearchAction","target":{"@type":"EntryPoint","urlTemplate":"https:\/\/netzero.hr\/?s={search_term_string}"},"query-input":"required name=search_term_string"}],"inLanguage":"en-GB"},{"@type":"Organization","@id":"https:\/\/netzero.hr\/#organization","name":"NET ZERO","url":"https:\/\/netzero.hr\/","logo":{"@type":"ImageObject","inLanguage":"en-GB","@id":"https:\/\/netzero.hr\/#\/schema\/logo\/image\/","url":"https:\/\/netzero.hr\/wp-content\/uploads\/2023\/11\/cropped-cropped-Net-Zero-Logo-png.png","contentUrl":"https:\/\/netzero.hr\/wp-content\/uploads\/2023\/11\/cropped-cropped-Net-Zero-Logo-png.png","width":1606,"height":1584,"caption":"NET ZERO"},"image":{"@id":"https:\/\/netzero.hr\/#\/schema\/logo\/image\/"}}]}},"uagb_featured_image_src":{"full":false,"thumbnail":false,"medium":false,"medium_large":false,"large":false,"1536x1536":false,"2048x2048":false,"trp-custom-language-flag":false},"uagb_author_info":{"display_name":"adm85a","author_link":"https:\/\/netzero.hr\/en\/author\/adm85a\/"},"uagb_comment_info":0,"uagb_excerpt":"O NAMA KAKO VAM MO\u017dEMO POMO\u0106I DA POSTIGNETE NET ZERO? Dugogodi\u0161nje iskustvo u izra\u010dunu ugljikovog otiska obuhva\u0107a rad s vi\u0161e od 60 privatnih i javnih poslovnih subjekata. Prora\u010duni emisija i uklanjanja stakleni\u010dkih plinova iz svih relevantnih kategorija prema normi ISO 14064-1:2018, odnosno iz sva tri opsega prema standardu definiranom u okviru Protokola o stakleni\u010dkim plinovima&hellip;","rttpg_featured_image_url":null,"rttpg_author":{"display_name":"adm85a","author_link":"https:\/\/netzero.hr\/en\/author\/adm85a\/"},"rttpg_comment":0,"rttpg_category":null,"rttpg_excerpt":"O NAMA KAKO VAM MO\u017dEMO POMO\u0106I DA POSTIGNETE NET ZERO? Dugogodi\u0161nje iskustvo u izra\u010dunu ugljikovog otiska obuhva\u0107a rad s vi\u0161e od 60 privatnih i javnih poslovnih subjekata. Prora\u010duni emisija i uklanjanja stakleni\u010dkih plinova iz svih relevantnih kategorija prema normi ISO 14064-1:2018, odnosno iz sva tri opsega prema standardu definiranom u okviru Protokola o stakleni\u010dkim plinovima&hellip;","_links":{"self":[{"href":"https:\/\/netzero.hr\/en\/wp-json\/wp\/v2\/pages\/107","targetHints":{"allow":["GET"]}}],"collection":[{"href":"https:\/\/netzero.hr\/en\/wp-json\/wp\/v2\/pages"}],"about":[{"href":"https:\/\/netzero.hr\/en\/wp-json\/wp\/v2\/types\/page"}],"author":[{"embeddable":true,"href":"https:\/\/netzero.hr\/en\/wp-json\/wp\/v2\/users\/1"}],"replies":[{"embeddable":true,"href":"https:\/\/netzero.hr\/en\/wp-json\/wp\/v2\/comments?post=107"}],"version-history":[{"count":101,"href":"https:\/\/netzero.hr\/en\/wp-json\/wp\/v2\/pages\/107\/revisions"}],"predecessor-version":[{"id":1485,"href":"https:\/\/netzero.hr\/en\/wp-json\/wp\/v2\/pages\/107\/revisions\/1485"}],"wp:attachment":[{"href":"https:\/\/netzero.hr\/en\/wp-json\/wp\/v2\/media?parent=107"}],"curies":[{"name":"wp","href":"https:\/\/api.w.org\/{rel}","templated":true}]}}