{"id":100,"date":"2022-10-17T07:22:23","date_gmt":"2022-10-17T05:22:23","guid":{"rendered":"https:\/\/netzero.hr\/contact\/"},"modified":"2023-11-29T02:16:05","modified_gmt":"2023-11-29T01:16:05","slug":"kontakt","status":"publish","type":"page","link":"https:\/\/netzero.hr\/en\/kontakt\/","title":{"rendered":"Contact"},"content":{"rendered":"<div class=\"wp-block-uagb-container uagb-block-8de9c239 alignfull uagb-is-root-container\"><div class=\"uagb-container-inner-blocks-wrap\">\n<div class=\"wp-block-uagb-advanced-heading uagb-block-99148d6e\"><h1 class=\"uagb-heading-text\">CONTACT<\/h1><\/div>\n<\/div><\/div>\n\n\n\n<div class=\"wp-block-uagb-container uagb-block-78f4c1c5 alignfull uagb-is-root-container\"><div class=\"uagb-container-inner-blocks-wrap\">\n<div class=\"wp-block-uagb-container uagb-block-19ae1af4\">\n<div class=\"wp-block-uagb-advanced-heading uagb-block-0fcdf4d0 uag-hide-tab uag-hide-mob\"><h2 class=\"uagb-heading-text\">Send inquiry<\/h2><\/div>\n\n\n\n<div class=\"wp-block-uagb-container uagb-block-de7bd3b5\">\n<div class=\"wp-block-uagb-advanced-heading uagb-block-7327b257 uag-hide-desktop\"><h2 class=\"uagb-heading-text\">Send inquiry<\/h2><\/div>\n\n\n<div class=\"wpforms-container wpforms-block wpforms-block-0d34cdc3-36f6-4723-908b-a68d25c67ce2\" id=\"wpforms-7\"><form id=\"wpforms-form-7\" class=\"wpforms-validate wpforms-form wpforms-ajax-form\" data-formid=\"7\" method=\"post\" enctype=\"multipart\/form-data\" action=\"\/en\/wp-json\/wp\/v2\/pages\/100\" data-token=\"350195ad1c94f6266c7acf4304d8d806\" data-trp-original-action=\"\/en\/wp-json\/wp\/v2\/pages\/100\"><noscript class=\"wpforms-error-noscript\">Please enable JavaScript in your browser to complete this form.<\/noscript><div class=\"wpforms-field-container\"><div id=\"wpforms-7-field_5-container\" class=\"wpforms-field wpforms-field-name\" data-field-id=\"5\"><label class=\"wpforms-field-label\" for=\"wpforms-7-field_5\">Full name <span class=\"wpforms-required-label\">*<\/span><\/label><input type=\"text\" id=\"wpforms-7-field_5\" class=\"wpforms-field-large wpforms-field-required\" name=\"wpforms[fields][5]\" required><\/div><div id=\"wpforms-7-field_4-container\" class=\"wpforms-field wpforms-field-text\" data-field-id=\"4\"><label class=\"wpforms-field-label\" for=\"wpforms-7-field_4\">Company name<\/label><input type=\"text\" id=\"wpforms-7-field_4\" class=\"wpforms-field-large\" name=\"wpforms[fields][4]\" ><\/div><div id=\"wpforms-7-field_6-container\" class=\"wpforms-field wpforms-field-email\" data-field-id=\"6\"><label class=\"wpforms-field-label\" for=\"wpforms-7-field_6\">Email <span class=\"wpforms-required-label\">*<\/span><\/label><input type=\"email\" id=\"wpforms-7-field_6\" class=\"wpforms-field-large wpforms-field-required\" name=\"wpforms[fields][6]\" spellcheck=\"false\" required><\/div><div id=\"wpforms-7-field_2-container\" class=\"wpforms-field wpforms-field-textarea\" data-field-id=\"2\"><label class=\"wpforms-field-label\" for=\"wpforms-7-field_2\">Inquiry <span class=\"wpforms-required-label\">*<\/span><\/label><textarea id=\"wpforms-7-field_2\" class=\"wpforms-field-medium wpforms-field-required\" name=\"wpforms[fields][2]\" required><\/textarea><\/div><\/div><!-- .wpforms-field-container --><div class=\"wpforms-submit-container\" ><input type=\"hidden\" name=\"wpforms[id]\" value=\"7\"><input type=\"hidden\" name=\"wpforms[author]\" value=\"1\"><button type=\"submit\" name=\"wpforms[submit]\" id=\"wpforms-submit-7\" class=\"wpforms-submit\" data-alt-text=\"Slanje...\/Sending...\" data-submit-text=\"PO\u0160ALJITE\" aria-live=\"assertive\" value=\"wpforms-submit\">SEND<\/button><img loading=\"lazy\" decoding=\"async\" src=\"https:\/\/netzero.hr\/wp-content\/plugins\/wpforms-lite\/assets\/images\/submit-spin.svg\" class=\"wpforms-submit-spinner\" style=\"display: none;\" width=\"26\" height=\"26\" alt=\"Loading\"><\/div><input type=\"hidden\" name=\"trp-form-language\" value=\"en\"\/><\/form><\/div>  <!-- .wpforms-container --><\/div>\n<\/div>\n\n\n\n<div class=\"wp-block-uagb-container uagb-block-78023e99\">\n<div class=\"wp-block-uagb-advanced-heading uagb-block-74377fa1\"><h2 class=\"uagb-heading-text translation-block\">Ready to go <br>NET ZERO?<\/h2><p class=\"uagb-desc-text\">Let's start the journey towards climate neutrality.<\/p><\/div>\n\n\n\n<div class=\"wp-block-uagb-info-box uagb-block-1788ad66 uagb-infobox__content-wrap  uagb-infobox-icon-left-title uagb-infobox-left uagb-infobox-image-valign-top\"><div class=\"uagb-ifb-content\"><div class=\"uagb-ifb-left-title-image\"><div class=\"uagb-ifb-icon-wrap\"><svg xmlns=\"https:\/\/www.w3.org\/2000\/svg\" viewbox=\"0 0 512 512\"><path d=\"M464 64C490.5 64 512 85.49 512 112C512 127.1 504.9 141.3 492.8 150.4L275.2 313.6C263.8 322.1 248.2 322.1 236.8 313.6L19.2 150.4C7.113 141.3 0 127.1 0 112C0 85.49 21.49 64 48 64H464zM217.6 339.2C240.4 356.3 271.6 356.3 294.4 339.2L512 176V384C512 419.3 483.3 448 448 448H64C28.65 448 0 419.3 0 384V176L217.6 339.2z\"><\/path><\/svg><\/div><div class=\"uagb-ifb-title-wrap\"><h5 class=\"uagb-ifb-title\"><a href=\"mailto:info@netzero.hr\">info@netzero.hr<\/a><\/h5><\/div><\/div><\/div><\/div>\n\n\n\n<div class=\"wp-block-uagb-info-box uagb-block-ac7d2af3 uagb-infobox__content-wrap  uagb-infobox-icon-left-title uagb-infobox-left uagb-infobox-image-valign-top\"><div class=\"uagb-ifb-content\"><div class=\"uagb-ifb-left-title-image\"><div class=\"uagb-ifb-icon-wrap\"><svg xmlns=\"https:\/\/www.w3.org\/2000\/svg\" viewbox=\"0 0 448 512\"><path d=\"M416 32H31.9C14.3 32 0 46.5 0 64.3v383.4C0 465.5 14.3 480 31.9 480H416c17.6 0 32-14.5 32-32.3V64.3c0-17.8-14.4-32.3-32-32.3zM135.4 416H69V202.2h66.5V416zm-33.2-243c-21.3 0-38.5-17.3-38.5-38.5S80.9 96 102.2 96c21.2 0 38.5 17.3 38.5 38.5 0 21.3-17.2 38.5-38.5 38.5zm282.1 243h-66.4V312c0-24.8-.5-56.7-34.5-56.7-34.6 0-39.9 27-39.9 54.9V416h-66.4V202.2h63.7v29.2h.9c8.9-16.8 30.6-34.5 62.9-34.5 67.2 0 79.7 44.3 79.7 101.9V416z\"><\/path><\/svg><\/div><div class=\"uagb-ifb-title-wrap\"><h5 class=\"uagb-ifb-title\"><a href=\"https:\/\/www.linkedin.com\/company\/netzero-hr\/?trk=public_profile_topcard-current-company&amp;originalSubdomain=hr\" data-type=\"link\" data-id=\"https:\/\/www.linkedin.com\/company\/netzero-hr\/?trk=public_profile_topcard-current-company&amp;originalSubdomain=hr\">NET ZERO d.o.o.<\/a><\/h5><\/div><\/div><\/div><\/div>\n\n\n\n<div class=\"wp-block-uagb-info-box uagb-block-05235c59 uagb-infobox__content-wrap  uagb-infobox-icon-left-title uagb-infobox-left uagb-infobox-image-valign-top\"><div class=\"uagb-ifb-content\"><div class=\"uagb-ifb-left-title-image\"><div class=\"uagb-ifb-icon-wrap\"><svg xmlns=\"https:\/\/www.w3.org\/2000\/svg\" viewbox=\"0 0 384 512\"><path d=\"M168.3 499.2C116.1 435 0 279.4 0 192C0 85.96 85.96 0 192 0C298 0 384 85.96 384 192C384 279.4 267 435 215.7 499.2C203.4 514.5 180.6 514.5 168.3 499.2H168.3zM192 256C227.3 256 256 227.3 256 192C256 156.7 227.3 128 192 128C156.7 128 128 156.7 128 192C128 227.3 156.7 256 192 256z\"><\/path><\/svg><\/div><div class=\"uagb-ifb-title-wrap\"><h5 class=\"uagb-ifb-title\">Mirka Ra\u010dkog 6,<br>10290 Zapre\u0161i\u0107,<br>Croatia<\/h5><\/div><\/div><\/div><\/div>\n<\/div>\n<\/div><\/div>\n\n\n\n<p class=\"has-small-font-size translation-block\">Read <a href=\"https:\/\/netzero.hr\/pravila-privatnosti\/\" data-type=\"page\" data-id=\"3\" target=\"_self\">the terms and conditions<\/a>.<\/p>","protected":false},"excerpt":{"rendered":"<p>KONTAKT Po\u0161aljite upit Po\u0161aljite upit Spremni ste krenuti prema neto nuli? Zapo\u010dnimo putovanje prema klimatskoj neutralnosti. Provjerite uvjete i pravila.<\/p>","protected":false},"author":1,"featured_media":0,"parent":0,"menu_order":0,"comment_status":"closed","ping_status":"closed","template":"","meta":{"_uag_custom_page_level_css":"","site-sidebar-layout":"default","site-content-layout":"","ast-site-content-layout":"default","site-content-style":"default","site-sidebar-style":"default","ast-global-header-display":"","ast-banner-title-visibility":"","ast-main-header-display":"","ast-hfb-above-header-display":"","ast-hfb-below-header-display":"","ast-hfb-mobile-header-display":"","site-post-title":"disabled","ast-breadcrumbs-content":"","ast-featured-img":"","footer-sml-layout":"","theme-transparent-header-meta":"enabled","adv-header-id-meta":"","stick-header-meta":"","header-above-stick-meta":"","header-main-stick-meta":"","header-below-stick-meta":"","astra-migrate-meta-layouts":"set","footnotes":""},"class_list":["post-100","page","type-page","status-publish","hentry"],"yoast_head":"<!-- This site is optimized with the Yoast SEO plugin v21.5 - https:\/\/yoast.com\/wordpress\/plugins\/seo\/ -->\n<title>Kontakt - NET ZERO<\/title>\n<meta name=\"robots\" content=\"index, follow, max-snippet:-1, max-image-preview:large, max-video-preview:-1\" \/>\n<link rel=\"canonical\" href=\"https:\/\/netzero.hr\/en\/kontakt\/\" \/>\n<meta property=\"og:locale\" content=\"en_GB\" \/>\n<meta property=\"og:type\" content=\"article\" \/>\n<meta property=\"og:title\" content=\"Kontakt - NET ZERO\" \/>\n<meta property=\"og:description\" content=\"KONTAKT Po\u0161aljite upit Po\u0161aljite upit Spremni ste krenuti prema neto nuli? Zapo\u010dnimo putovanje prema klimatskoj neutralnosti. Provjerite uvjete i pravila.\" \/>\n<meta property=\"og:url\" content=\"https:\/\/netzero.hr\/en\/kontakt\/\" \/>\n<meta property=\"og:site_name\" content=\"NET ZERO\" \/>\n<meta property=\"article:modified_time\" content=\"2023-11-29T01:16:05+00:00\" \/>\n<meta name=\"twitter:card\" content=\"summary_large_image\" \/>\n<meta name=\"twitter:label1\" content=\"Estimated reading time\" \/>\n\t<meta name=\"twitter:data1\" content=\"1 minute\" \/>\n<script type=\"application\/ld+json\" class=\"yoast-schema-graph\">{\"@context\":\"https:\/\/schema.org\",\"@graph\":[{\"@type\":\"WebPage\",\"@id\":\"https:\/\/netzero.hr\/kontakt\/\",\"url\":\"https:\/\/netzero.hr\/kontakt\/\",\"name\":\"Kontakt - NET ZERO\",\"isPartOf\":{\"@id\":\"https:\/\/netzero.hr\/#website\"},\"datePublished\":\"2022-10-17T05:22:23+00:00\",\"dateModified\":\"2023-11-29T01:16:05+00:00\",\"breadcrumb\":{\"@id\":\"https:\/\/netzero.hr\/kontakt\/#breadcrumb\"},\"inLanguage\":\"en-GB\",\"potentialAction\":[{\"@type\":\"ReadAction\",\"target\":[\"https:\/\/netzero.hr\/kontakt\/\"]}]},{\"@type\":\"BreadcrumbList\",\"@id\":\"https:\/\/netzero.hr\/kontakt\/#breadcrumb\",\"itemListElement\":[{\"@type\":\"ListItem\",\"position\":1,\"name\":\"Po\u010detna stranica\",\"item\":\"https:\/\/netzero.hr\/\"},{\"@type\":\"ListItem\",\"position\":2,\"name\":\"Kontakt\"}]},{\"@type\":\"WebSite\",\"@id\":\"https:\/\/netzero.hr\/#website\",\"url\":\"https:\/\/netzero.hr\/\",\"name\":\"NET ZERO\",\"description\":\"Zajedno do neto nule.\",\"publisher\":{\"@id\":\"https:\/\/netzero.hr\/#organization\"},\"potentialAction\":[{\"@type\":\"SearchAction\",\"target\":{\"@type\":\"EntryPoint\",\"urlTemplate\":\"https:\/\/netzero.hr\/?s={search_term_string}\"},\"query-input\":\"required name=search_term_string\"}],\"inLanguage\":\"en-GB\"},{\"@type\":\"Organization\",\"@id\":\"https:\/\/netzero.hr\/#organization\",\"name\":\"NET ZERO\",\"url\":\"https:\/\/netzero.hr\/\",\"logo\":{\"@type\":\"ImageObject\",\"inLanguage\":\"en-GB\",\"@id\":\"https:\/\/netzero.hr\/#\/schema\/logo\/image\/\",\"url\":\"https:\/\/netzero.hr\/wp-content\/uploads\/2023\/11\/cropped-cropped-Net-Zero-Logo-png.png\",\"contentUrl\":\"https:\/\/netzero.hr\/wp-content\/uploads\/2023\/11\/cropped-cropped-Net-Zero-Logo-png.png\",\"width\":1606,\"height\":1584,\"caption\":\"NET ZERO\"},\"image\":{\"@id\":\"https:\/\/netzero.hr\/#\/schema\/logo\/image\/\"}}]}<\/script>\n<!-- \/ Yoast SEO plugin. -->","yoast_head_json":{"title":"Kontakt - NET ZERO","robots":{"index":"index","follow":"follow","max-snippet":"max-snippet:-1","max-image-preview":"max-image-preview:large","max-video-preview":"max-video-preview:-1"},"canonical":"https:\/\/netzero.hr\/en\/kontakt\/","og_locale":"en_GB","og_type":"article","og_title":"Kontakt - NET ZERO","og_description":"KONTAKT Po\u0161aljite upit Po\u0161aljite upit Spremni ste krenuti prema neto nuli? Zapo\u010dnimo putovanje prema klimatskoj neutralnosti. Provjerite uvjete i pravila.","og_url":"https:\/\/netzero.hr\/en\/kontakt\/","og_site_name":"NET ZERO","article_modified_time":"2023-11-29T01:16:05+00:00","twitter_card":"summary_large_image","twitter_misc":{"Estimated reading time":"1 minute"},"schema":{"@context":"https:\/\/schema.org","@graph":[{"@type":"WebPage","@id":"https:\/\/netzero.hr\/kontakt\/","url":"https:\/\/netzero.hr\/kontakt\/","name":"Kontakt - NET ZERO","isPartOf":{"@id":"https:\/\/netzero.hr\/#website"},"datePublished":"2022-10-17T05:22:23+00:00","dateModified":"2023-11-29T01:16:05+00:00","breadcrumb":{"@id":"https:\/\/netzero.hr\/kontakt\/#breadcrumb"},"inLanguage":"en-GB","potentialAction":[{"@type":"ReadAction","target":["https:\/\/netzero.hr\/kontakt\/"]}]},{"@type":"BreadcrumbList","@id":"https:\/\/netzero.hr\/kontakt\/#breadcrumb","itemListElement":[{"@type":"ListItem","position":1,"name":"Po\u010detna stranica","item":"https:\/\/netzero.hr\/"},{"@type":"ListItem","position":2,"name":"Kontakt"}]},{"@type":"WebSite","@id":"https:\/\/netzero.hr\/#website","url":"https:\/\/netzero.hr\/","name":"NET ZERO","description":"Zajedno do neto nule.","publisher":{"@id":"https:\/\/netzero.hr\/#organization"},"potentialAction":[{"@type":"SearchAction","target":{"@type":"EntryPoint","urlTemplate":"https:\/\/netzero.hr\/?s={search_term_string}"},"query-input":"required name=search_term_string"}],"inLanguage":"en-GB"},{"@type":"Organization","@id":"https:\/\/netzero.hr\/#organization","name":"NET ZERO","url":"https:\/\/netzero.hr\/","logo":{"@type":"ImageObject","inLanguage":"en-GB","@id":"https:\/\/netzero.hr\/#\/schema\/logo\/image\/","url":"https:\/\/netzero.hr\/wp-content\/uploads\/2023\/11\/cropped-cropped-Net-Zero-Logo-png.png","contentUrl":"https:\/\/netzero.hr\/wp-content\/uploads\/2023\/11\/cropped-cropped-Net-Zero-Logo-png.png","width":1606,"height":1584,"caption":"NET ZERO"},"image":{"@id":"https:\/\/netzero.hr\/#\/schema\/logo\/image\/"}}]}},"uagb_featured_image_src":{"full":false,"thumbnail":false,"medium":false,"medium_large":false,"large":false,"1536x1536":false,"2048x2048":false,"trp-custom-language-flag":false},"uagb_author_info":{"display_name":"adm85a","author_link":"https:\/\/netzero.hr\/en\/author\/adm85a\/"},"uagb_comment_info":0,"uagb_excerpt":"KONTAKT Po\u0161aljite upit Po\u0161aljite upit Spremni ste krenuti prema neto nuli? Zapo\u010dnimo putovanje prema klimatskoj neutralnosti. Provjerite uvjete i pravila.","rttpg_featured_image_url":null,"rttpg_author":{"display_name":"adm85a","author_link":"https:\/\/netzero.hr\/en\/author\/adm85a\/"},"rttpg_comment":0,"rttpg_category":null,"rttpg_excerpt":"KONTAKT Po\u0161aljite upit Po\u0161aljite upit Spremni ste krenuti prema neto nuli? Zapo\u010dnimo putovanje prema klimatskoj neutralnosti. Provjerite uvjete i pravila.","_links":{"self":[{"href":"https:\/\/netzero.hr\/en\/wp-json\/wp\/v2\/pages\/100","targetHints":{"allow":["GET"]}}],"collection":[{"href":"https:\/\/netzero.hr\/en\/wp-json\/wp\/v2\/pages"}],"about":[{"href":"https:\/\/netzero.hr\/en\/wp-json\/wp\/v2\/types\/page"}],"author":[{"embeddable":true,"href":"https:\/\/netzero.hr\/en\/wp-json\/wp\/v2\/users\/1"}],"replies":[{"embeddable":true,"href":"https:\/\/netzero.hr\/en\/wp-json\/wp\/v2\/comments?post=100"}],"version-history":[{"count":28,"href":"https:\/\/netzero.hr\/en\/wp-json\/wp\/v2\/pages\/100\/revisions"}],"predecessor-version":[{"id":1465,"href":"https:\/\/netzero.hr\/en\/wp-json\/wp\/v2\/pages\/100\/revisions\/1465"}],"wp:attachment":[{"href":"https:\/\/netzero.hr\/en\/wp-json\/wp\/v2\/media?parent=100"}],"curies":[{"name":"wp","href":"https:\/\/api.w.org\/{rel}","templated":true}]}}